{"id":485,"date":"2024-11-07T10:42:46","date_gmt":"2024-11-07T10:42:46","guid":{"rendered":"https:\/\/hedykramer.com\/que-ofrezco\/acompanamiento\/terapia-individual\/"},"modified":"2024-11-28T09:45:58","modified_gmt":"2024-11-28T09:45:58","slug":"terapia-individual","status":"publish","type":"page","link":"https:\/\/hedykramer.com\/es\/que-ofrezco\/acompanamiento\/terapia-individual\/","title":{"rendered":"Terapia individual"},"content":{"rendered":"\t\t<div data-elementor-type=\"wp-page\" data-elementor-id=\"485\" class=\"elementor elementor-485 elementor-15\" data-elementor-post-type=\"page\">\n\t\t\t\t<div class=\"elementor-element elementor-element-f4191d7 e-flex e-con-boxed e-con e-parent\" data-id=\"f4191d7\" data-element_type=\"container\" data-e-type=\"container\" data-settings=\"{&quot;background_background&quot;:&quot;classic&quot;,&quot;shape_divider_bottom&quot;:&quot;waves&quot;}\">\n\t\t\t\t\t<div class=\"e-con-inner\">\n\t\t\t\t<div class=\"elementor-shape elementor-shape-bottom\" aria-hidden=\"true\" data-negative=\"false\">\n\t\t\t<svg xmlns=\"http:\/\/www.w3.org\/2000\/svg\" viewBox=\"0 0 1000 100\" preserveAspectRatio=\"none\">\n\t<path class=\"elementor-shape-fill\" d=\"M421.9,6.5c22.6-2.5,51.5,0.4,75.5,5.3c23.6,4.9,70.9,23.5,100.5,35.7c75.8,32.2,133.7,44.5,192.6,49.7\n\tc23.6,2.1,48.7,3.5,103.4-2.5c54.7-6,106.2-25.6,106.2-25.6V0H0v30.3c0,0,72,32.6,158.4,30.5c39.2-0.7,92.8-6.7,134-22.4\n\tc21.2-8.1,52.2-18.2,79.7-24.2C399.3,7.9,411.6,7.5,421.9,6.5z\"\/>\n<\/svg>\t\t<\/div>\n\t\t\t\t<div class=\"elementor-element elementor-element-118263d elementor-invisible elementor-widget elementor-widget-heading\" data-id=\"118263d\" data-element_type=\"widget\" data-e-type=\"widget\" data-settings=\"{&quot;_animation&quot;:&quot;fadeInUp&quot;}\" data-widget_type=\"heading.default\">\n\t\t\t\t\t<h1 class=\"elementor-heading-title elementor-size-default\">Un proceso terap\u00e9utico es un regalo para el coraz\u00f3n, para el cuerpo, para la mente y para el alma. Es un regalo que <span style=\"font-weight:700\">te transforma la vida<\/span><\/h1>\t\t\t\t<\/div>\n\t\t\t\t<div class=\"elementor-element elementor-element-f26f842 elementor-widget elementor-widget-text-editor\" data-id=\"f26f842\" data-element_type=\"widget\" data-e-type=\"widget\" data-widget_type=\"text-editor.default\">\n\t\t\t\t\t\t\t\t\t<p>\u00a1El d\u00eda que empezamos terapia es un d\u00eda de celebraci\u00f3n! Celebramos que cojas un compromiso profundo contigo mismo\/a, en el que decides mirarte, amarte y hacer las paces contigo. Una de las decisiones m\u00e1s importantes de tu vida.<\/p>\n<p>La terapia te da la ayuda que necesitas en momentos de dificultad o malestar para que puedas reconectar con tus recursos internos y recordar qui\u00e9n eres y qu\u00e9 deseas en esta vida.<\/p>\n\t\t\t\t\t\t\t\t<\/div>\n\t\t\t\t\t<\/div>\n\t\t\t\t<\/div>\n\t\t<div class=\"elementor-element elementor-element-6daf30e e-flex e-con-boxed e-con e-parent\" data-id=\"6daf30e\" data-element_type=\"container\" data-e-type=\"container\">\n\t\t\t\t\t<div class=\"e-con-inner\">\n\t\t<div class=\"elementor-element elementor-element-a920105 e-con-full e-flex e-con e-child\" data-id=\"a920105\" data-element_type=\"container\" data-e-type=\"container\">\n\t\t\t\t<div class=\"elementor-element elementor-element-1fbbadb elementor-invisible elementor-widget elementor-widget-heading\" data-id=\"1fbbadb\" data-element_type=\"widget\" data-e-type=\"widget\" data-settings=\"{&quot;_animation&quot;:&quot;fadeInUp&quot;}\" data-widget_type=\"heading.default\">\n\t\t\t\t\t<h2 class=\"elementor-heading-title elementor-size-default\">\u00bfCu\u00e1ndo puede ayudarte hacer <span style=\"font-weight:700\">terapia<\/span>?<\/h2>\t\t\t\t<\/div>\n\t\t\t\t<div class=\"elementor-element elementor-element-1258174 elementor-invisible elementor-widget elementor-widget-text-editor\" data-id=\"1258174\" data-element_type=\"widget\" data-e-type=\"widget\" data-settings=\"{&quot;_animation&quot;:&quot;fadeInUp&quot;}\" data-widget_type=\"text-editor.default\">\n\t\t\t\t\t\t\t\t\t<p><strong>Cu\u00e1nto sientes que ya no puedes o no quieres sostener m\u00e1s un malestar o un bloqueo<\/strong><\/p>\n\t\t\t\t\t\t\t\t<\/div>\n\t\t<div class=\"elementor-element elementor-element-6e2322c e-con-full e-flex e-con e-child\" data-id=\"6e2322c\" data-element_type=\"container\" data-e-type=\"container\">\n\t\t<div class=\"elementor-element elementor-element-13aeead e-con-full e-flex e-con e-child\" data-id=\"13aeead\" data-element_type=\"container\" data-e-type=\"container\">\n\t\t\t\t<div class=\"elementor-element elementor-element-276ce2b elementor-invisible elementor-widget elementor-widget-image\" data-id=\"276ce2b\" data-element_type=\"widget\" data-e-type=\"widget\" data-settings=\"{&quot;_animation&quot;:&quot;fadeInLeft&quot;}\" data-widget_type=\"image.default\">\n\t\t\t\t\t\t\t\t\t\t\t\t\t\t\t<img fetchpriority=\"high\" decoding=\"async\" width=\"250\" height=\"297\" src=\"https:\/\/hedykramer.com\/wp-content\/uploads\/2024\/11\/hedy1-e1738230705588.jpg\" class=\"attachment-large size-large wp-image-450\" alt=\"Alinea tus prioridades\" \/>\t\t\t\t\t\t\t\t\t\t\t\t\t\t\t<\/div>\n\t\t\t\t<\/div>\n\t\t<div class=\"elementor-element elementor-element-c595bbe e-con-full e-flex e-con e-child\" data-id=\"c595bbe\" data-element_type=\"container\" data-e-type=\"container\">\n\t\t\t\t<div class=\"elementor-element elementor-element-c5e8a44 elementor-invisible elementor-widget elementor-widget-heading\" data-id=\"c5e8a44\" data-element_type=\"widget\" data-e-type=\"widget\" data-settings=\"{&quot;_animation&quot;:&quot;fadeInRight&quot;}\" data-widget_type=\"heading.default\">\n\t\t\t\t\t<h2 class=\"elementor-heading-title elementor-size-default\">En momentos de <span style=\"font-weight:700\">crisis vitales<\/span><\/h2>\t\t\t\t<\/div>\n\t\t\t\t<div class=\"elementor-element elementor-element-2040464 elementor-widget elementor-widget-text-editor\" data-id=\"2040464\" data-element_type=\"widget\" data-e-type=\"widget\" data-widget_type=\"text-editor.default\">\n\t\t\t\t\t\t\t\t\t<p>Muchos procesos de transformaci\u00f3n personal vienen a ra\u00edz de una crisis vital. Son momentos en nuestra vida de alta intensidad emocional en los que nos cuestionamos profundamente a nosotros mismos ya nuestra vida. Sentimos que los acontecimientos o nuestro mundo interno nos han desmontado nuestra forma de vivir en este mundo y nos sentimos perdidos y descolocados. Y muchas veces sentimos que no encontramos recursos para afrontar los acontecimientos o sensaciones que estamos viviendo.<\/p>\n<p>Estos momentos de crisis aparecen por causas diversas, tanto por etapas del desarrollo como puede ser la entrada en una nueva etapa de la vida como la adultez, la vejez o el nacimiento de los hijos. As\u00ed como por circunstancias concretas como una enfermedad, dificultades econ\u00f3micas o profesionales, una separaci\u00f3n, la muerte de una persona querida o una vivencia traum\u00e1tica. Son experiencias que despiertan un intenso malestar que nos lleva a cuestionarnos profundamente.<\/p>\n<p>Es en este momento cuando despierta en muchos de nosotros el impulso para realizar un cambio significativo en nuestra vida y nos brindamos la oportunidad de empezar a escucharnos y enfocar hacia lo que verdaderamente nos importa.<\/p>\n\t\t\t\t\t\t\t\t<\/div>\n\t\t\t\t<\/div>\n\t\t\t\t<\/div>\n\t\t<div class=\"elementor-element elementor-element-734bb92 e-con-full e-flex e-con e-child\" data-id=\"734bb92\" data-element_type=\"container\" data-e-type=\"container\">\n\t\t<div class=\"elementor-element elementor-element-2559ece e-con-full e-flex e-con e-child\" data-id=\"2559ece\" data-element_type=\"container\" data-e-type=\"container\">\n\t\t\t\t<div class=\"elementor-element elementor-element-2ac960f elementor-invisible elementor-widget elementor-widget-heading\" data-id=\"2ac960f\" data-element_type=\"widget\" data-e-type=\"widget\" data-settings=\"{&quot;_animation&quot;:&quot;fadeInLeft&quot;}\" data-widget_type=\"heading.default\">\n\t\t\t\t\t<h2 class=\"elementor-heading-title elementor-size-default\">Cuando decides <span style=\"font-weight:700\">abrazar tus deseos<\/span> \u00a1pero no sabes muy bien c\u00f3mo hacerlo!<\/h2>\t\t\t\t<\/div>\n\t\t\t\t<div class=\"elementor-element elementor-element-0708761 elementor-widget elementor-widget-text-editor\" data-id=\"0708761\" data-element_type=\"widget\" data-e-type=\"widget\" data-widget_type=\"text-editor.default\">\n\t\t\t\t\t\t\t\t\t<p>Una vida plena es la que est\u00e1 en sinton\u00eda con los propios deseos.<\/p>\n<p>Una de las primeras propuestas que hago a las personas que vengan por este motivo es hacer el mapa de los deseos, para que la persona ponga la atenci\u00f3n en lo que desea y empiece a desgranar lo que verdaderamente es importante para ella.<\/p>\n<p>Cuando sabes lo que quieres, lo que es importante para ti, puedes enfocar tus acciones y tu vida hacia aqu\u00ed. Sin esa conciencia es muy dif\u00edcil que te alinees con tu vida. Pero cuando das el paso de descubrir qu\u00e9 quieres y te enfocas d\u00eda tras d\u00eda hacia esto la vida se vuelve un maravilloso regalo. Y venga lo que venga puedes afrontarlo con amor y seguir conect\u00e1ndote con la belleza de la vida, incluso en las situaciones m\u00e1s dif\u00edciles.<\/p>\n<p>Cuando sientes en ti estas ganas de nutrir tus deseos, es un gran momento de acompa\u00f1arte de personas que estamos en el mismo camino y adentrarte en un proceso de acompa\u00f1amiento. Para fortalecer esta sensaci\u00f3n en ti y adquirir m\u00e1s recursos para instaurar esta nueva forma de vivir en tu d\u00eda a d\u00eda.<\/p>\n\t\t\t\t\t\t\t\t<\/div>\n\t\t\t\t<\/div>\n\t\t<div class=\"elementor-element elementor-element-8fbfaf4 e-con-full e-flex e-con e-child\" data-id=\"8fbfaf4\" data-element_type=\"container\" data-e-type=\"container\">\n\t\t\t\t<div class=\"elementor-element elementor-element-1243f13 elementor-invisible elementor-widget elementor-widget-image\" data-id=\"1243f13\" data-element_type=\"widget\" data-e-type=\"widget\" data-settings=\"{&quot;_animation&quot;:&quot;fadeInRight&quot;}\" data-widget_type=\"image.default\">\n\t\t\t\t\t\t\t\t\t\t\t\t\t\t\t<img decoding=\"async\" width=\"800\" height=\"949\" src=\"https:\/\/hedykramer.com\/wp-content\/uploads\/2024\/11\/hedy2.jpg\" class=\"attachment-large size-large wp-image-451\" alt=\"\" srcset=\"https:\/\/hedykramer.com\/wp-content\/uploads\/2024\/11\/hedy2.jpg 800w, https:\/\/hedykramer.com\/wp-content\/uploads\/2024\/11\/hedy2-253x300.jpg 253w, https:\/\/hedykramer.com\/wp-content\/uploads\/2024\/11\/hedy2-768x911.jpg 768w\" sizes=\"(max-width: 800px) 100vw, 800px\" \/>\t\t\t\t\t\t\t\t\t\t\t\t\t\t\t<\/div>\n\t\t\t\t<\/div>\n\t\t\t\t<\/div>\n\t\t<div class=\"elementor-element elementor-element-105d0f1 e-con-full e-flex e-con e-child\" data-id=\"105d0f1\" data-element_type=\"container\" data-e-type=\"container\">\n\t\t<div class=\"elementor-element elementor-element-1d68243 e-con-full e-flex e-con e-child\" data-id=\"1d68243\" data-element_type=\"container\" data-e-type=\"container\">\n\t\t\t\t<div class=\"elementor-element elementor-element-db7183a elementor-invisible elementor-widget elementor-widget-image\" data-id=\"db7183a\" data-element_type=\"widget\" data-e-type=\"widget\" data-settings=\"{&quot;_animation&quot;:&quot;fadeInLeft&quot;}\" data-widget_type=\"image.default\">\n\t\t\t\t\t\t\t\t\t\t\t\t\t\t\t<img decoding=\"async\" width=\"800\" height=\"949\" src=\"https:\/\/hedykramer.com\/wp-content\/uploads\/2024\/11\/hedy3.jpg\" class=\"attachment-large size-large wp-image-452\" alt=\"\" srcset=\"https:\/\/hedykramer.com\/wp-content\/uploads\/2024\/11\/hedy3.jpg 800w, https:\/\/hedykramer.com\/wp-content\/uploads\/2024\/11\/hedy3-253x300.jpg 253w, https:\/\/hedykramer.com\/wp-content\/uploads\/2024\/11\/hedy3-768x911.jpg 768w\" sizes=\"(max-width: 800px) 100vw, 800px\" \/>\t\t\t\t\t\t\t\t\t\t\t\t\t\t\t<\/div>\n\t\t\t\t<\/div>\n\t\t<div class=\"elementor-element elementor-element-24452bc e-con-full e-flex e-con e-child\" data-id=\"24452bc\" data-element_type=\"container\" data-e-type=\"container\">\n\t\t\t\t<div class=\"elementor-element elementor-element-6b984d2 elementor-invisible elementor-widget elementor-widget-heading\" data-id=\"6b984d2\" data-element_type=\"widget\" data-e-type=\"widget\" data-settings=\"{&quot;_animation&quot;:&quot;fadeInRight&quot;}\" data-widget_type=\"heading.default\">\n\t\t\t\t\t<h2 class=\"elementor-heading-title elementor-size-default\">Cuando <span style=\"font-weight:700\">decides realizar un cambio<\/span> y crees que te puede ir bien un poco de ayuda<\/h2>\t\t\t\t<\/div>\n\t\t\t\t<div class=\"elementor-element elementor-element-fa2d7b6 elementor-widget elementor-widget-text-editor\" data-id=\"fa2d7b6\" data-element_type=\"widget\" data-e-type=\"widget\" data-widget_type=\"text-editor.default\">\n\t\t\t\t\t\t\t\t\t<p>Hay muchos momentos en los que te puede ir bien darte un espacio para escucharte desde una mirada de amor incondicional, d\u00e1ndote tiempo para profundizar en ti, descubriendo nuevos recursos y despertando tu creatividad por a seguir creciendo!<\/p>\n<p>Como por ejemplo cuando decides:<\/p>\n<ul>\n<li>Aumentar tu autoestima y tu seguridad en ti mismo\/a.<br \/>\nSanar y mejorar las relaciones con las personas que amas: tus padres, tus hijos, tu pareja, tus hermanos y hermanas&#8230;<\/li>\n<li>Mejorar tu forma de comunicarte y resolver los conflictos con las personas de tu entorno: familia, amigos o del trabajo.<\/li>\n<li>Tomar decisiones dif\u00edciles.<\/li>\n<li>Gestionar emociones que te duelen: tristeza, rabia, miedo, angustia&#8230; Para poder expresarlas, mirarlas y soltarlas. Afrontar situaciones dif\u00edciles que te pone la vida: la muerte de una persona querida, una separaci\u00f3n, quedarte sin trabajo&#8230;<\/li>\n<li>Hacer cambios en tu vida para cuidarte y amarte.<\/li>\n<li>Conectarte con tu deseo profundo y vivir la vida que desees.<\/li>\n<\/ul>\n\t\t\t\t\t\t\t\t<\/div>\n\t\t\t\t<\/div>\n\t\t\t\t<\/div>\n\t\t\t\t<\/div>\n\t\t\t\t\t<\/div>\n\t\t\t\t<\/div>\n\t\t<div class=\"elementor-element elementor-element-4c7eb88 e-flex e-con-boxed e-con e-parent\" data-id=\"4c7eb88\" data-element_type=\"container\" data-e-type=\"container\" data-settings=\"{&quot;background_background&quot;:&quot;classic&quot;,&quot;shape_divider_top&quot;:&quot;waves&quot;,&quot;shape_divider_bottom&quot;:&quot;waves&quot;}\">\n\t\t\t\t\t<div class=\"e-con-inner\">\n\t\t\t\t<div class=\"elementor-shape elementor-shape-top\" aria-hidden=\"true\" data-negative=\"false\">\n\t\t\t<svg xmlns=\"http:\/\/www.w3.org\/2000\/svg\" viewBox=\"0 0 1000 100\" preserveAspectRatio=\"none\">\n\t<path class=\"elementor-shape-fill\" d=\"M421.9,6.5c22.6-2.5,51.5,0.4,75.5,5.3c23.6,4.9,70.9,23.5,100.5,35.7c75.8,32.2,133.7,44.5,192.6,49.7\n\tc23.6,2.1,48.7,3.5,103.4-2.5c54.7-6,106.2-25.6,106.2-25.6V0H0v30.3c0,0,72,32.6,158.4,30.5c39.2-0.7,92.8-6.7,134-22.4\n\tc21.2-8.1,52.2-18.2,79.7-24.2C399.3,7.9,411.6,7.5,421.9,6.5z\"\/>\n<\/svg>\t\t<\/div>\n\t\t\t\t<div class=\"elementor-shape elementor-shape-bottom\" aria-hidden=\"true\" data-negative=\"false\">\n\t\t\t<svg xmlns=\"http:\/\/www.w3.org\/2000\/svg\" viewBox=\"0 0 1000 100\" preserveAspectRatio=\"none\">\n\t<path class=\"elementor-shape-fill\" d=\"M421.9,6.5c22.6-2.5,51.5,0.4,75.5,5.3c23.6,4.9,70.9,23.5,100.5,35.7c75.8,32.2,133.7,44.5,192.6,49.7\n\tc23.6,2.1,48.7,3.5,103.4-2.5c54.7-6,106.2-25.6,106.2-25.6V0H0v30.3c0,0,72,32.6,158.4,30.5c39.2-0.7,92.8-6.7,134-22.4\n\tc21.2-8.1,52.2-18.2,79.7-24.2C399.3,7.9,411.6,7.5,421.9,6.5z\"\/>\n<\/svg>\t\t<\/div>\n\t\t\t\t<div class=\"elementor-element elementor-element-a94db02 elementor-invisible elementor-widget elementor-widget-heading\" data-id=\"a94db02\" data-element_type=\"widget\" data-e-type=\"widget\" data-settings=\"{&quot;_animation&quot;:&quot;fadeInUp&quot;}\" data-widget_type=\"heading.default\">\n\t\t\t\t\t<h2 class=\"elementor-heading-title elementor-size-default\">\u00bfCu\u00e1l es <span style=\"font-weight:700\">mi funci\u00f3n<\/span>?<\/h2>\t\t\t\t<\/div>\n\t\t\t\t<div class=\"elementor-element elementor-element-6e8e191 elementor-widget elementor-widget-text-editor\" data-id=\"6e8e191\" data-element_type=\"widget\" data-e-type=\"widget\" data-widget_type=\"text-editor.default\">\n\t\t\t\t\t\t\t\t\t<p>Para m\u00ed un buen acompa\u00f1ante es esa persona que te gu\u00eda hacia tu interior y te ayuda a conectar con tus propios recursos y potenciales. Y en eso est\u00e1 puesta mi intenci\u00f3n cuando acompa\u00f1o.<\/p>\n<p>\u00bfQui\u00e9n te conoce mejor que t\u00fa mismo\/a? \u00a1Nadie!<\/p>\n<p>Nadie sabe tan bien como t\u00fa lo que necesitas, lo que te ayuda. S\u00f3lo necesitas redescubrir y recordar lo que ya sabes dentro de ti. \u00c9sta es mi funci\u00f3n, acompa\u00f1arte en la b\u00fasqueda de tu potencial, de tus recursos, de tu sabidur\u00eda. Porque cuando conectas contigo, la vida se convierte en un regalo maravilloso.<\/p>\n\t\t\t\t\t\t\t\t<\/div>\n\t\t\t\t\t<\/div>\n\t\t\t\t<\/div>\n\t\t\t\t<\/div>\n\t\t","protected":false},"excerpt":{"rendered":"<p>Un proceso terap\u00e9utico es un regalo para el coraz\u00f3n, para el cuerpo, para la mente y para el alma. Es un regalo que te transforma la vida \u00a1El d\u00eda que empezamos terapia es un d\u00eda de celebraci\u00f3n! Celebramos que cojas un compromiso profundo contigo mismo\/a, en el que decides mirarte, amarte y hacer las paces [&hellip;]<\/p>\n","protected":false},"author":1,"featured_media":0,"parent":471,"menu_order":0,"comment_status":"closed","ping_status":"closed","template":"","meta":{"_joinchat":[],"footnotes":""},"class_list":["post-485","page","type-page","status-publish","hentry"],"_links":{"self":[{"href":"https:\/\/hedykramer.com\/es\/wp-json\/wp\/v2\/pages\/485","targetHints":{"allow":["GET"]}}],"collection":[{"href":"https:\/\/hedykramer.com\/es\/wp-json\/wp\/v2\/pages"}],"about":[{"href":"https:\/\/hedykramer.com\/es\/wp-json\/wp\/v2\/types\/page"}],"author":[{"embeddable":true,"href":"https:\/\/hedykramer.com\/es\/wp-json\/wp\/v2\/users\/1"}],"replies":[{"embeddable":true,"href":"https:\/\/hedykramer.com\/es\/wp-json\/wp\/v2\/comments?post=485"}],"version-history":[{"count":10,"href":"https:\/\/hedykramer.com\/es\/wp-json\/wp\/v2\/pages\/485\/revisions"}],"predecessor-version":[{"id":617,"href":"https:\/\/hedykramer.com\/es\/wp-json\/wp\/v2\/pages\/485\/revisions\/617"}],"up":[{"embeddable":true,"href":"https:\/\/hedykramer.com\/es\/wp-json\/wp\/v2\/pages\/471"}],"wp:attachment":[{"href":"https:\/\/hedykramer.com\/es\/wp-json\/wp\/v2\/media?parent=485"}],"curies":[{"name":"wp","href":"https:\/\/api.w.org\/{rel}","templated":true}]}}